{"id":4745,"date":"2024-09-11T02:13:25","date_gmt":"2024-09-11T00:13:25","guid":{"rendered":"https:\/\/imagesdazur.com\/?page_id=4745"},"modified":"2025-03-18T02:00:43","modified_gmt":"2025-03-18T01:00:43","slug":"community-management","status":"publish","type":"page","link":"https:\/\/imagesdazur.com\/en\/community-management\/","title":{"rendered":"Community Management"},"content":{"rendered":"[et_pb_section fb_built=\u00a0\u00bb1&Prime; fullwidth=\u00a0\u00bbon\u00a0\u00bb _builder_version=\u00a0\u00bb4.27.0&Prime; _module_preset=\u00a0\u00bbdefault\u00a0\u00bb global_colors_info=\u00a0\u00bb{}\u00a0\u00bb][et_pb_fullwidth_image src=\u00a0\u00bbhttps:\/\/imagesdazur.com\/wp-content\/uploads\/2024\/09\/creation-de-contenu-Cannes-scaled.jpg\u00a0\u00bb title_text=\u00a0\u00bbcreation-de-contenu-Cannes\u00a0\u00bb _builder_version=\u00a0\u00bb4.27.0&Prime; _module_preset=\u00a0\u00bbdefault\u00a0\u00bb global_colors_info=\u00a0\u00bb{}\u00a0\u00bb][\/et_pb_fullwidth_image][\/et_pb_section][et_pb_section fb_built=\u00a0\u00bb1&Prime; _builder_version=\u00a0\u00bb4.27.0&Prime; _module_preset=\u00a0\u00bbdefault\u00a0\u00bb global_colors_info=\u00a0\u00bb{}\u00a0\u00bb custom_padding=\u00a0\u00bb0px||0px|||\u00a0\u00bb][et_pb_row _builder_version=\u00a0\u00bb4.27.0&Prime; _module_preset=\u00a0\u00bbdefault\u00a0\u00bb global_colors_info=\u00a0\u00bb{}\u00a0\u00bb custom_padding=\u00a0\u00bb||1px|||\u00a0\u00bb][et_pb_column type=\u00a0\u00bb4_4&Prime; _builder_version=\u00a0\u00bb4.27.0&Prime; _module_preset=\u00a0\u00bbdefault\u00a0\u00bb global_colors_info=\u00a0\u00bb{}\u00a0\u00bb][et_pb_text _builder_version=\u00a0\u00bb4.27.0&Prime; _module_preset=\u00a0\u00bbdefault\u00a0\u00bb hover_enabled=\u00a0\u00bb0&Prime; global_colors_info=\u00a0\u00bb{}\u00a0\u00bb sticky_enabled=\u00a0\u00bb0&Prime; header_font=\u00a0\u00bb||||||||\u00a0\u00bb header_text_align=\u00a0\u00bbleft\u00a0\u00bb header_letter_spacing=\u00a0\u00bb9px\u00a0\u00bb header_font_size=\u00a0\u00bb34px\u00a0\u00bb header_3_font=\u00a0\u00bb||||||||\u00a0\u00bb header_3_letter_spacing=\u00a0\u00bb3px\u00a0\u00bb]<h1 class=\"et_pb_module_heading et-fb-editable-element et-fb-editable-element__editing\" data-shortcode-id=\"3.0.0.0-1726094970713\" data-quickaccess-id=\"title\" contenteditable=\"true\"><strong>COMMUNITY MANAGEMENT<\/strong><\/h1>\n<h3><\/h3>\n<h3><span style=\"color: #808080;\">Build<\/span> long-term relationships <span style=\"color: #808080;\">with <strong>your audience<\/strong><\/span><\/h3>[\/et_pb_text][\/et_pb_column][\/et_pb_row][et_pb_row column_structure=\"1_2,1_2\u2033 _builder_version=\"4.27.0\u2033 _module_preset=\"default \" global_colors_info=\"{} \"][et_pb_column type=\"1_2\u2033 _builder_version=\"4.27.0\u2033 _module_preset=\"default \" global_colors_info=\"{} \"][et_pb_text _builder_version=\"4.27.0\u2033 _module_preset=\"default \" global_colors_info=\"{} \"]<p>In the dynamic world of <a href=\"https:\/\/imagesdazur.com\/en\/our-social-media-services\/\">social networks<\/a>a <a href=\"https:\/\/imagesdazur.com\/en\/our-social-media-services\/\">community management<\/a> is essential to building and maintaining strong relationships with your audience.<\/p>\n<p>We offer services that go far beyond simple moderation.<\/p>\n<p>We're committed to developing authentic, proactive interaction with your subscribers, answering their questions, stimulating conversations and fostering meaningful engagement around your brand.<\/p>[\/et_pb_text][\/et_pb_column][et_pb_column type=\u00a0\u00bb1_2&Prime; _builder_version=\u00a0\u00bb4.27.0&Prime; _module_preset=\u00a0\u00bbdefault\u00a0\u00bb global_colors_info=\u00a0\u00bb{}\u00a0\u00bb][et_pb_text _builder_version=\u00a0\u00bb4.27.0&Prime; _module_preset=\u00a0\u00bbdefault\u00a0\u00bb custom_padding=\u00a0\u00bb||7px|||\u00a0\u00bb global_colors_info=\u00a0\u00bb{}\u00a0\u00bb]<p>We tailor our community management approach to your specific needs and those of your target audience.<\/p>\n<p>We create engaging content strategies and interactive campaigns that resonate with your values and objectives.<\/p>[\/et_pb_text][\/et_pb_column][\/et_pb_row][\/et_pb_section][et_pb_section fb_built=\u00a0\u00bb1&Prime; _builder_version=\u00a0\u00bb4.27.0&Prime; _module_preset=\u00a0\u00bbdefault\u00a0\u00bb global_colors_info=\u00a0\u00bb{}\u00a0\u00bb custom_padding=\u00a0\u00bb0px||0px|||\u00a0\u00bb][et_pb_row _builder_version=\u00a0\u00bb4.27.0&Prime; _module_preset=\u00a0\u00bbdefault\u00a0\u00bb global_colors_info=\u00a0\u00bb{}\u00a0\u00bb][et_pb_column type=\u00a0\u00bb4_4&Prime; _builder_version=\u00a0\u00bb4.27.0&Prime; _module_preset=\u00a0\u00bbdefault\u00a0\u00bb global_colors_info=\u00a0\u00bb{}\u00a0\u00bb][et_pb_text _builder_version=\u00a0\u00bb4.27.0&Prime; _module_preset=\u00a0\u00bbdefault\u00a0\u00bb global_colors_info=\u00a0\u00bb{}\u00a0\u00bb]<h3 style=\"text-align: center;\">We ensure that every interaction reinforces your brand image and maximizes your online visibility.<\/h3>[\/et_pb_text][\/et_pb_column][\/et_pb_row][\/et_pb_section][et_pb_section fb_built=\u00a0\u00bb1&Prime; _builder_version=\u00a0\u00bb4.27.0&Prime; _module_preset=\u00a0\u00bbdefault\u00a0\u00bb global_colors_info=\u00a0\u00bb{}\u00a0\u00bb custom_padding=\u00a0\u00bb1px||2px|||\u00a0\u00bb][et_pb_row _builder_version=\u00a0\u00bb4.27.0&Prime; _module_preset=\u00a0\u00bbdefault\u00a0\u00bb global_colors_info=\u00a0\u00bb{}\u00a0\u00bb][et_pb_column type=\u00a0\u00bb4_4&Prime; _builder_version=\u00a0\u00bb4.27.0&Prime; _module_preset=\u00a0\u00bbdefault\u00a0\u00bb global_colors_info=\u00a0\u00bb{}\u00a0\u00bb][et_pb_cta title=\u00a0\u00bbEngagez Votre Communaut\u00e9\u00a0\u00bb button_text=\u00a0\u00bbClics\u00a0\u00bb _builder_version=\u00a0\u00bb4.27.0&Prime; _module_preset=\u00a0\u00bbdefault\u00a0\u00bb hover_enabled=\u00a0\u00bb0&Prime; global_colors_info=\u00a0\u00bb{}\u00a0\u00bb sticky_enabled=\u00a0\u00bb0&Prime;]<p>Take your community management to the next level! Contact us today to find out how our community management expertise can transform your audience interaction and strengthen your online presence.<\/p>[\/et_pb_cta][\/et_pb_column][\/et_pb_row][\/et_pb_section]","protected":false},"excerpt":{"rendered":"<p>COMMUNITY MANAGEMENT B\u00e2tissez des relations durables avec votre audienceDans le monde dynamique des r\u00e9seaux sociaux, un community management efficace est essentiel pour cr\u00e9er et maintenir des relations solides avec votre audience. Nous vous offrons des services qui vont bien au-del\u00e0 de la simple mod\u00e9ration. Nous nous engageons \u00e0 d\u00e9velopper une interaction authentique et proactive avec [&hellip;]<\/p>","protected":false},"author":1,"featured_media":0,"parent":0,"menu_order":0,"comment_status":"closed","ping_status":"closed","template":"","meta":{"_et_pb_use_builder":"on","_et_pb_old_content":"","_et_gb_content_width":"","pgc_sgb_lightbox_settings":"","_vp_format_video_url":"","_vp_image_focal_point":[],"footnotes":""},"folder":[],"class_list":["post-4745","page","type-page","status-publish","hentry"],"aioseo_notices":[],"_links":{"self":[{"href":"https:\/\/imagesdazur.com\/en\/wp-json\/wp\/v2\/pages\/4745","targetHints":{"allow":["GET"]}}],"collection":[{"href":"https:\/\/imagesdazur.com\/en\/wp-json\/wp\/v2\/pages"}],"about":[{"href":"https:\/\/imagesdazur.com\/en\/wp-json\/wp\/v2\/types\/page"}],"author":[{"embeddable":true,"href":"https:\/\/imagesdazur.com\/en\/wp-json\/wp\/v2\/users\/1"}],"replies":[{"embeddable":true,"href":"https:\/\/imagesdazur.com\/en\/wp-json\/wp\/v2\/comments?post=4745"}],"version-history":[{"count":7,"href":"https:\/\/imagesdazur.com\/en\/wp-json\/wp\/v2\/pages\/4745\/revisions"}],"predecessor-version":[{"id":7213,"href":"https:\/\/imagesdazur.com\/en\/wp-json\/wp\/v2\/pages\/4745\/revisions\/7213"}],"wp:attachment":[{"href":"https:\/\/imagesdazur.com\/en\/wp-json\/wp\/v2\/media?parent=4745"}],"wp:term":[{"taxonomy":"folder","embeddable":true,"href":"https:\/\/imagesdazur.com\/en\/wp-json\/wp\/v2\/folder?post=4745"}],"curies":[{"name":"wp","href":"https:\/\/api.w.org\/{rel}","templated":true}]}}