{"id":3,"date":"2023-06-13T10:15:42","date_gmt":"2023-06-13T08:15:42","guid":{"rendered":"https:\/\/imagesdazur.com\/?page_id=3"},"modified":"2024-09-02T15:43:48","modified_gmt":"2024-09-02T13:43:48","slug":"mentions-legales-et-cgu","status":"publish","type":"page","link":"https:\/\/imagesdazur.com\/en\/legal-information-and-cgu\/","title":{"rendered":"Terms and conditions"},"content":{"rendered":"<p>[et_pb_section fb_built=\u00a0\u00bb1&Prime; _builder_version=\u00a0\u00bb4.22.1&Prime; _module_preset=\u00a0\u00bbdefault\u00a0\u00bb background_enable_image=\u00a0\u00bboff\u00a0\u00bb background_size=\u00a0\u00bbcontain\u00a0\u00bb background_position=\u00a0\u00bbbottom_left\u00a0\u00bb custom_padding=\u00a0\u00bb14px|||||\u00a0\u00bb border_color_top=\u00a0\u00bbgcid-ac9fa4e5-865c-4ef8-947a-3c29a8291369&Prime; border_width_right=\u00a0\u00bb8px\u00a0\u00bb border_color_right=\u00a0\u00bbgcid-7a863df6-fc02-4724-925c-ec023230b664&Prime; border_width_left=\u00a0\u00bb8px\u00a0\u00bb border_color_left=\u00a0\u00bbgcid-ac9fa4e5-865c-4ef8-947a-3c29a8291369&Prime; global_colors_info=\u00a0\u00bb{%22gcid-ac9fa4e5-865c-4ef8-947a-3c29a8291369%22:%91%22border_color_top%22,%22border_color_left%22%93,%22gcid-7a863df6-fc02-4724-925c-ec023230b664%22:%91%22border_color_right%22%93}\u00a0\u00bb][et_pb_row _builder_version=\u00a0\u00bb4.27.0&Prime; _module_preset=\u00a0\u00bbdefault\u00a0\u00bb hover_enabled=\u00a0\u00bb0&Prime; global_colors_info=\u00a0\u00bb{}\u00a0\u00bb width_last_edited=\u00a0\u00bbon|phone\u00a0\u00bb width_tablet=\u00a0\u00bb100%\u00a0\u00bb sticky_enabled=\u00a0\u00bb0&Prime; width_phone=\u00a0\u00bb100%\u00a0\u00bb][et_pb_column type=\u00a0\u00bb4_4&Prime; _builder_version=\u00a0\u00bb4.22.2&Prime; _module_preset=\u00a0\u00bbdefault\u00a0\u00bb global_colors_info=\u00a0\u00bb{}\u00a0\u00bb][et_pb_text _builder_version=\u00a0\u00bb4.27.0&Prime; _module_preset=\u00a0\u00bbdefault\u00a0\u00bb header_font=\u00a0\u00bbMontserrat||||||||\u00a0\u00bb custom_margin=\u00a0\u00bb9px||1px|||\u00a0\u00bb global_colors_info=\u00a0\u00bb{}\u00a0\u00bb]<\/p>\n<h1 style=\"text-align: center;\">LEGAL NOTICE<\/h1>\n<div id=\"content\" class=\"site-content\">\n<div class=\"container\">\n<div class=\"content-sidebar-wrapper\">\n<div class=\"row\">\n<div class=\"content-wrapper\">\n<article class=\"post-3718 page type-page status-publish hentry\" id=\"0\" itemscope=\"\" itemprop=\"blogPost\" itemtype=\"http:\/\/schema.org\/Article\">\n<div class=\"entry-content\" itemprop=\"text\">\n<p>No personal information is collected without your knowledge. The information you provide when requesting a quote, information or newsletter subscription by mail, telephone, e-mail or form is solely intended for the administrative and commercial processing of your request by IMAGES D'AZUR.<br \/>It will not be transferred to third parties. IMAGES D'AZUR treats your personal information with the utmost confidentiality.<br \/>In accordance with the French Data Protection Act no. 78-17 of January 6, 1978, you have the right to access, rectify and object to any personal data concerning you. To exercise this right, simply send us a request by e-mail : <a href=\"mailto:contact@imagesdazur.com\">contact@imagesdazur.com<\/a><\/p>\n<h2>Accommodation:<\/h2>\n<p><span>This site is hosted by HOSTINGER INTERNATIONAL LTD, whose head office is located at\u00a0<\/span><b>61 Lordou Vironos Street, 6023 Larnaca, Cyprus<\/b><span>https:\/\/www.hostinger.fr\/contact.<\/span><\/p>\n<h2>This site was created by:<\/h2>\n<p><a href=\"https:\/\/emergencecommunication.com\/\">Emergence Communication<\/a><\/p>\n<p>Tel: 0699415139<\/p>\n<h2><strong>Droit d'auteur \/ copyright<\/strong><\/h2>\n<p>The entire content of this website, including domain name, trademarks, logo, text... is the property of the PUBLISHER and is protected by French intellectual property laws.<\/p>\n<p>No part of this site may be copied, reproduced, misappropriated or distorted, in any medium whatsoever, without constituting an act of counterfeiting within the meaning of Articles L 335-2 et seq. of the French Intellectual Property Code.<br \/>Site access<\/p>\n<p>Users of this site acknowledge that they have the necessary skills and means to access and use this site. The PUBLISHER shall not be held liable for elements beyond its control and for any damage that may be suffered by the user's technical environment, in particular computers, software, network equipment and any other equipment used to access or use the service and\/or information.<\/p>\n<p>Fraudulent access to or use of a computer system, obstructing or distorting the operation of such a system, or fraudulently introducing or modifying data in a computer system are offences punishable by law.<br \/>Limitation of liability<\/p>\n<p>The PUBLISHER endeavors to provide regularly updated information, particularly concerning news and the content of articles. However, erroneous information or omissions may occur, in particular as a result of data entry or page layout errors. Should you notice any such errors, please let us know so that we can rectify them.<\/p>\n<p>In addition, we reserve the right to modify the information or any commercial offers provided on this site as part of our data updating operations, without prior notice.<\/p>\n<p>The PUBLISHER shall not be held liable for any hypertext links within this website to other websites and\/or personal pages and, in general, to any existing resources on the Internet.<br \/>Likewise, the PUBLISHER cannot be held responsible in any way for sites with a hypertext link to the present site and declines all responsibility for their content and use.<\/p>\n<h2><strong>Terms and conditions of use<\/strong><\/h2>\n<p>The purpose of this document is to define the terms and conditions under which IMAGES D'AZUR, hereinafter referred to as the PUBLISHER, makes the site and the services available on the site available to its users, as well as the manner in which the user accesses the site and uses its services.<\/p>\n<p>Any connection to the site is subject to compliance with these conditions.<\/p>\n<p>For the user, the simple access to the WEBSITE of the PUBLISHER at the following URL address www.imagesdazur.com implies the acceptance of all the conditions described hereafter.<\/p>\n<h2><strong>Intellectual property<\/strong><\/h2>\n<p>The general structure of the www.imagesdazur.com website, as well as the texts, graphics, images, sounds and videos that make it up, are the property of the publisher or its partners. Any representation and\/or reproduction and\/or exploitation, whether partial or total, of the content and services offered by the www.imagesdazur.com website, by any process whatsoever, without the prior written authorization of the PUBLISHER and\/or its partners, is strictly forbidden and may constitute an infringement within the meaning of Articles L 335-2 et seq. of the French Intellectual Property Code.<\/p>\n<p>This site may not be reproduced, even in part, as provided for under article L.122-5 of the French Intellectual Property Code, without the authorization of the publication director.<\/p>\n<h2><strong>Hyperlinks<\/strong><\/h2>\n<p>The www.imagesdazur.com site may contain hypertext links to other sites on the Internet. Links to these other resources will take you away from the www.imagesdazur.com site.<\/p>\n<p>It is possible to create a link to the presentation page of this site without the express authorization of the PUBLISHER. No authorization or request for prior information may be required by the publisher with regard to a site wishing to establish a link to the publisher's site. However, it is advisable to display this site in a new browser window. However, the PUBLISHER reserves the right to request the removal of any link it deems to be inconsistent with the purpose of the www.imagesdazur.com website.<\/p>\n<h2><strong>Responsibility of the publisher<\/strong><\/h2>\n<p>The information and\/or documents appearing on this site and\/or accessible via this site come from sources considered to be reliable.<\/p>\n<p>However, such information and\/or documents may contain technical inaccuracies and typographical errors.<\/p>\n<p>The PUBLISHER reserves the right to correct such errors as soon as they are brought to its attention.<\/p>\n<p>We strongly recommend that you check the accuracy and relevance of the information and\/or documents provided on this site.<\/p>\n<p>The information and\/or documents available on this site are subject to change at any time, and may have been updated. In particular, they may have been updated between the time they were downloaded and the time the user took cognizance of them.<\/p>\n<p>The use of the information and\/or documents available on this site is under the entire and sole responsibility of the user, who assumes all consequences that may arise, without the PUBLISHER being liable in this respect, and without recourse against the latter.<\/p>\n<p>The PUBLISHER shall in no event be liable for any damages whatsoever resulting from the interpretation or use of the information and\/or documents available on this site.<\/p>\n<h2><strong>Site access<\/strong><\/h2>\n<p>The publisher endeavours to allow access to the site 24 hours a day, 7 days a week, except in the event of force majeure or an emergency. <a href=\"https:\/\/imagesdazur.com\/en\/event-photographer-in-cannes-monaco-st-tropez\/\">event<\/a> beyond the control of the PUBLISHER, and subject to any breakdowns and maintenance operations necessary for the proper functioning of the site and services.<\/p>\n<p>Consequently, the PUBLISHER cannot guarantee availability of the site and\/or services, reliability of transmissions and performance in terms of response time or quality. No technical assistance is provided to the user, either electronically or by telephone.<\/p>\n<p>The publisher cannot be held liable for any inability to access this site and\/or use the services.<\/p>\n<p>Moreover, the PUBLISHER can be brought to interrupt the site or a part of the services, constantly without notice, the whole without right to compensations. The user recognizes and accepts that the PUBLISHER is not responsible for the interruptions, and for the consequences which can result from it for the user or any third.<\/p>\n<h2><strong>Modification of conditions of use<\/strong><\/h2>\n<p>The PUBLISHER reserves the right to modify, at any time and without notice, the present conditions of use in order to adapt them to changes in the site and\/or its operation.<\/p>\n<h2><strong>Rules for using the Internet<\/strong><\/h2>\n<p>The user declares that he\/she accepts the characteristics and limits of the Internet, and in particular acknowledges that :<\/p>\n<p>The PUBLISHER assumes no responsibility for the services accessible via the Internet and exercises no control whatsoever over the nature and characteristics of the data that may pass through its server center.<\/p>\n<p>The user acknowledges that data circulating on the Internet is not protected, in particular against possible misappropriation. The presence of the ____ logo establishes a simple presumption of validity. The communication of any information deemed by the user to be of a sensitive or confidential nature is at the user's own risk.<\/p>\n<p>The user acknowledges that data circulating on the Internet may be regulated in terms of use or may be protected by property rights.<\/p>\n<p>The user is solely responsible for the use of the data he consults, queries and transfers on the Internet.<\/p>\n<p>The user acknowledges that the PUBLISHER has no control over the content of the services accessible on the Internet.<\/p>\n<h2><strong>Applicable law<\/strong><\/h2>\n<p>Both this site and the terms and conditions of its use are governed by French law, irrespective of the place of use. In the event of a dispute, and after all attempts to find an amicable solution have failed, the French courts shall have sole jurisdiction to hear the dispute.<\/p>\n<\/div>\n<\/article>\n<\/div>\n<p>&nbsp;<\/p>\n<\/div>\n<\/div>\n<\/div>\n<\/div>\n<p>[\/et_pb_text][\/et_pb_column][\/et_pb_row][\/et_pb_section]<\/p>","protected":false},"excerpt":{"rendered":"<p>MENTIONS LEGALES Aucune information personnelle n\u2019est collect\u00e9e \u00e0 votre insu. Les informations que vous nous communiquez lors d\u2019une demande de devis, de renseignements ou d\u2019inscription \u00e0 la newsletter par courrier, par t\u00e9l\u00e9phone, par e-mail ou par formulaire sont uniquement destin\u00e9es au traitement administratif et commercial de votre demande par IMAGES D\u2019AZUR.Elles ne font l\u2019objet d\u2019aucune [&hellip;]<\/p>","protected":false},"author":1,"featured_media":0,"parent":0,"menu_order":0,"comment_status":"closed","ping_status":"closed","template":"","meta":{"_et_pb_use_builder":"on","_et_pb_old_content":"<!-- wp:heading -->\n<h2 class=\"wp-block-heading\">Qui sommes-nous&nbsp;?<\/h2>\n<!-- \/wp:heading -->\n\n<!-- wp:paragraph -->\n<p><strong class=\"privacy-policy-tutorial\">Texte sugg\u00e9r\u00e9&nbsp;: <\/strong>L\u2019adresse de notre site est&nbsp;: https:\/\/imagesdazur.com.<\/p>\n<!-- \/wp:paragraph -->\n\n<!-- wp:heading -->\n<h2 class=\"wp-block-heading\">Commentaires<\/h2>\n<!-- \/wp:heading -->\n\n<!-- wp:paragraph -->\n<p><strong class=\"privacy-policy-tutorial\">Texte sugg\u00e9r\u00e9&nbsp;: <\/strong>Quand vous laissez un commentaire sur notre site, les donn\u00e9es inscrites dans le formulaire de commentaire, ainsi que votre adresse IP et l\u2019agent utilisateur de votre navigateur sont collect\u00e9s pour nous aider \u00e0 la d\u00e9tection des commentaires ind\u00e9sirables.<\/p>\n<!-- \/wp:paragraph -->\n\n<!-- wp:paragraph -->\n<p>Une cha\u00eene anonymis\u00e9e cr\u00e9\u00e9e \u00e0 partir de votre adresse e-mail (\u00e9galement appel\u00e9e hash) peut \u00eatre envoy\u00e9e au service Gravatar pour v\u00e9rifier si vous utilisez ce dernier. Les clauses de confidentialit\u00e9 du service Gravatar sont disponibles ici&nbsp;: https:\/\/automattic.com\/privacy\/. Apr\u00e8s validation de votre commentaire, votre photo de profil sera visible publiquement \u00e0 cot\u00e9 de votre commentaire.<\/p>\n<!-- \/wp:paragraph -->\n\n<!-- wp:heading -->\n<h2 class=\"wp-block-heading\">M\u00e9dias<\/h2>\n<!-- \/wp:heading -->\n\n<!-- wp:paragraph -->\n<p><strong class=\"privacy-policy-tutorial\">Texte sugg\u00e9r\u00e9&nbsp;: <\/strong>Si vous t\u00e9l\u00e9versez des images sur le site, nous vous conseillons d\u2019\u00e9viter de t\u00e9l\u00e9verser des images contenant des donn\u00e9es EXIF de coordonn\u00e9es GPS. Les personnes visitant votre site peuvent t\u00e9l\u00e9charger et extraire des donn\u00e9es de localisation depuis ces images.<\/p>\n<!-- \/wp:paragraph -->\n\n<!-- wp:heading -->\n<h2 class=\"wp-block-heading\">Cookies<\/h2>\n<!-- \/wp:heading -->\n\n<!-- wp:paragraph -->\n<p><strong class=\"privacy-policy-tutorial\">Texte sugg\u00e9r\u00e9&nbsp;: <\/strong>Si vous d\u00e9posez un commentaire sur notre site, il vous sera propos\u00e9 d\u2019enregistrer votre nom, adresse e-mail et site dans des cookies. C\u2019est uniquement pour votre confort afin de ne pas avoir \u00e0 saisir ces informations si vous d\u00e9posez un autre commentaire plus tard. Ces cookies expirent au bout d\u2019un an.<\/p>\n<!-- \/wp:paragraph -->\n\n<!-- wp:paragraph -->\n<p>Si vous vous rendez sur la page de connexion, un cookie temporaire sera cr\u00e9\u00e9 afin de d\u00e9terminer si votre navigateur accepte les cookies. Il ne contient pas de donn\u00e9es personnelles et sera supprim\u00e9 automatiquement \u00e0 la fermeture de votre navigateur.<\/p>\n<!-- \/wp:paragraph -->\n\n<!-- wp:paragraph -->\n<p>Lorsque vous vous connecterez, nous mettrons en place un certain nombre de cookies pour enregistrer vos informations de connexion et vos pr\u00e9f\u00e9rences d\u2019\u00e9cran. La dur\u00e9e de vie d\u2019un cookie de connexion est de deux jours, celle d\u2019un cookie d\u2019option d\u2019\u00e9cran est d\u2019un an. Si vous cochez \u00ab&nbsp;Se souvenir de moi&nbsp;\u00bb, votre cookie de connexion sera conserv\u00e9 pendant deux semaines. Si vous vous d\u00e9connectez de votre compte, le cookie de connexion sera effac\u00e9.<\/p>\n<!-- \/wp:paragraph -->\n\n<!-- wp:paragraph -->\n<p>En modifiant ou en publiant une publication, un cookie suppl\u00e9mentaire sera enregistr\u00e9 dans votre navigateur. Ce cookie ne comprend aucune donn\u00e9e personnelle. Il indique simplement l\u2019ID de la publication que vous venez de modifier. Il expire au bout d\u2019un jour.<\/p>\n<!-- \/wp:paragraph -->\n\n<!-- wp:heading -->\n<h2 class=\"wp-block-heading\">Contenu embarqu\u00e9 depuis d\u2019autres sites<\/h2>\n<!-- \/wp:heading -->\n\n<!-- wp:paragraph -->\n<p><strong class=\"privacy-policy-tutorial\">Texte sugg\u00e9r\u00e9&nbsp;: <\/strong>Les articles de ce site peuvent inclure des contenus int\u00e9gr\u00e9s (par exemple des vid\u00e9os, images, articles\u2026). Le contenu int\u00e9gr\u00e9 depuis d\u2019autres sites se comporte de la m\u00eame mani\u00e8re que si le visiteur se rendait sur cet autre site.<\/p>\n<!-- \/wp:paragraph -->\n\n<!-- wp:paragraph -->\n<p>Ces sites web pourraient collecter des donn\u00e9es sur vous, utiliser des cookies, embarquer des outils de suivis tiers, suivre vos interactions avec ces contenus embarqu\u00e9s si vous disposez d\u2019un compte connect\u00e9 sur leur site web.<\/p>\n<!-- \/wp:paragraph -->\n\n<!-- wp:heading -->\n<h2 class=\"wp-block-heading\">Utilisation et transmission de vos donn\u00e9es personnelles<\/h2>\n<!-- \/wp:heading -->\n\n<!-- wp:paragraph -->\n<p><strong class=\"privacy-policy-tutorial\">Texte sugg\u00e9r\u00e9&nbsp;: <\/strong>Si vous demandez une r\u00e9initialisation de votre mot de passe, votre adresse IP sera incluse dans l\u2019e-mail de r\u00e9initialisation.<\/p>\n<!-- \/wp:paragraph -->\n\n<!-- wp:heading -->\n<h2 class=\"wp-block-heading\">Dur\u00e9es de stockage de vos donn\u00e9es<\/h2>\n<!-- \/wp:heading -->\n\n<!-- wp:paragraph -->\n<p><strong class=\"privacy-policy-tutorial\">Texte sugg\u00e9r\u00e9&nbsp;: <\/strong>Si vous laissez un commentaire, le commentaire et ses m\u00e9tadonn\u00e9es sont conserv\u00e9s ind\u00e9finiment. Cela permet de reconna\u00eetre et approuver automatiquement les commentaires suivants au lieu de les laisser dans la file de mod\u00e9ration.<\/p>\n<!-- \/wp:paragraph -->\n\n<!-- wp:paragraph -->\n<p>Pour les comptes qui s\u2019inscrivent sur notre site (le cas \u00e9ch\u00e9ant), nous stockons \u00e9galement les donn\u00e9es personnelles indiqu\u00e9es dans leur profil. Tous les comptes peuvent voir, modifier ou supprimer leurs informations personnelles \u00e0 tout moment (\u00e0 l\u2019exception de leur identifiant). Les gestionnaires du site peuvent aussi voir et modifier ces informations.<\/p>\n<!-- \/wp:paragraph -->\n\n<!-- wp:heading -->\n<h2 class=\"wp-block-heading\">Les droits que vous avez sur vos donn\u00e9es<\/h2>\n<!-- \/wp:heading -->\n\n<!-- wp:paragraph -->\n<p><strong class=\"privacy-policy-tutorial\">Texte sugg\u00e9r\u00e9&nbsp;: <\/strong>Si vous avez un compte ou si vous avez laiss\u00e9 des commentaires sur le site, vous pouvez demander \u00e0 recevoir un fichier contenant toutes les donn\u00e9es personnelles que nous poss\u00e9dons \u00e0 votre sujet, incluant celles que vous nous avez fournies. Vous pouvez \u00e9galement demander la suppression des donn\u00e9es personnelles vous concernant. Cela ne prend pas en compte les donn\u00e9es stock\u00e9es \u00e0 des fins administratives, l\u00e9gales ou pour des raisons de s\u00e9curit\u00e9.<\/p>\n<!-- \/wp:paragraph -->\n\n<!-- wp:heading -->\n<h2 class=\"wp-block-heading\">O\u00f9 vos donn\u00e9es sont envoy\u00e9es<\/h2>\n<!-- \/wp:heading -->\n\n<!-- wp:paragraph -->\n<p><strong class=\"privacy-policy-tutorial\">Texte sugg\u00e9r\u00e9&nbsp;: <\/strong>Les commentaires des visiteurs peuvent \u00eatre v\u00e9rifi\u00e9s \u00e0 l\u2019aide d\u2019un service automatis\u00e9 de d\u00e9tection des commentaires ind\u00e9sirables.<\/p>\n<!-- \/wp:paragraph -->","_et_gb_content_width":"","pgc_sgb_lightbox_settings":"","_vp_format_video_url":"","_vp_image_focal_point":[],"footnotes":""},"folder":[],"class_list":["post-3","page","type-page","status-publish","hentry"],"aioseo_notices":[],"_links":{"self":[{"href":"https:\/\/imagesdazur.com\/en\/wp-json\/wp\/v2\/pages\/3","targetHints":{"allow":["GET"]}}],"collection":[{"href":"https:\/\/imagesdazur.com\/en\/wp-json\/wp\/v2\/pages"}],"about":[{"href":"https:\/\/imagesdazur.com\/en\/wp-json\/wp\/v2\/types\/page"}],"author":[{"embeddable":true,"href":"https:\/\/imagesdazur.com\/en\/wp-json\/wp\/v2\/users\/1"}],"replies":[{"embeddable":true,"href":"https:\/\/imagesdazur.com\/en\/wp-json\/wp\/v2\/comments?post=3"}],"version-history":[{"count":8,"href":"https:\/\/imagesdazur.com\/en\/wp-json\/wp\/v2\/pages\/3\/revisions"}],"predecessor-version":[{"id":4413,"href":"https:\/\/imagesdazur.com\/en\/wp-json\/wp\/v2\/pages\/3\/revisions\/4413"}],"wp:attachment":[{"href":"https:\/\/imagesdazur.com\/en\/wp-json\/wp\/v2\/media?parent=3"}],"wp:term":[{"taxonomy":"folder","embeddable":true,"href":"https:\/\/imagesdazur.com\/en\/wp-json\/wp\/v2\/folder?post=3"}],"curies":[{"name":"wp","href":"https:\/\/api.w.org\/{rel}","templated":true}]}}